{"id":1405,"date":"2024-01-16T13:20:48","date_gmt":"2024-01-16T13:20:48","guid":{"rendered":"https:\/\/security.watchdome.de\/?page_id=1405"},"modified":"2025-02-24T06:38:14","modified_gmt":"2025-02-24T06:38:14","slug":"downloads","status":"publish","type":"page","link":"https:\/\/cibotics.de\/de\/downloads","title":{"rendered":"Downloads"},"content":{"rendered":"<p>[et_pb_section fb_built=&#8220;1&#8243; _builder_version=&#8220;4.24.0&#8243; _module_preset=&#8220;default&#8220; global_colors_info=&#8220;{}&#8220;][et_pb_row column_structure=&#8220;2_5,3_5&#8243; _builder_version=&#8220;4.27.0&#8243; _module_preset=&#8220;default&#8220; global_colors_info=&#8220;{}&#8220;][et_pb_column type=&#8220;2_5&#8243; _builder_version=&#8220;4.24.0&#8243; _module_preset=&#8220;default&#8220; global_colors_info=&#8220;{}&#8220;][et_pb_text module_class=&#8220;cg-text cg-sticky&#8220; _builder_version=&#8220;4.27.0&#8243; _module_preset=&#8220;default&#8220; global_colors_info=&#8220;{}&#8220;]<\/p>\n<h2 data-options=\"cg-has-overhead-title\"><span class=\"cg-overhead-title\">Brosch\u00fcren<span class=\"cg-colon\">:<\/span><\/span> <span class=\"cg-h1-body\">Alle unsere Brosch\u00fcren zum&nbsp;Download<\/span><\/h2>\n<p>[\/et_pb_text][\/et_pb_column][et_pb_column type=&#8220;3_5&#8243; _builder_version=&#8220;4.24.0&#8243; _module_preset=&#8220;default&#8220; global_colors_info=&#8220;{}&#8220;][et_pb_text module_class=&#8220;cg-module cg-text cg-page-list&#8220; _builder_version=&#8220;4.24.0&#8243; _module_preset=&#8220;default&#8220; global_colors_info=&#8220;{}&#8220;]<\/p>\n<ul>\n<li><a href=\"https:\/\/cibotics.de\/wp-content\/uploads\/2024\/02\/Ciborius-Security-Solutions-Imagebroschuere-lowres.pdf\" rel=\"attachment wp-att-5727\">Unternehmensbrosch\u00fcre (deutsch)<\/a><\/li>\n<li><a href=\"https:\/\/cibotics.de\/wp-content\/uploads\/2024\/02\/ciborius-broschure-en.pdf\" rel=\"attachment wp-att-5744\">CIBORIUS Broschure (english)<\/a><\/li>\n<li><a href=\"https:\/\/cibotics.de\/wp-content\/uploads\/2024\/02\/ciborius-flyer-nsl.pdf\" rel=\"attachment wp-att-5746\">Notruf- und Serviceleitstelle (NSL)<\/a><\/li>\n<li><a href=\"https:\/\/cibotics.de\/wp-content\/uploads\/2024\/02\/ciborius-flyer-fiebermessung.pdf\" rel=\"attachment wp-att-5748\">Flyer Fiebermessung<\/a><\/li>\n<li><a href=\"https:\/\/cibotics.de\/wp-content\/uploads\/2024\/02\/ciborius-flyer-robotics.pdf\" rel=\"attachment wp-att-5750\">Flyer Sicherheitsdienst mit Robotik<\/a><\/li>\n<\/ul>\n<p>[\/et_pb_text][\/et_pb_column][\/et_pb_row][\/et_pb_section][et_pb_section fb_built=&#8220;1&#8243; module_id=&#8220;agb&#8220; module_class=&#8220;cg-section cg-section-muted&#8220; _builder_version=&#8220;4.24.2&#8243; _module_preset=&#8220;default&#8220; global_colors_info=&#8220;{}&#8220;][et_pb_row column_structure=&#8220;2_5,3_5&#8243; _builder_version=&#8220;4.27.0&#8243; _module_preset=&#8220;default&#8220; global_colors_info=&#8220;{}&#8220;][et_pb_column type=&#8220;2_5&#8243; _builder_version=&#8220;4.24.0&#8243; _module_preset=&#8220;default&#8220; global_colors_info=&#8220;{}&#8220;][et_pb_text module_class=&#8220;cg-text cg-sticky&#8220; _builder_version=&#8220;4.27.0&#8243; _module_preset=&#8220;default&#8220; global_colors_info=&#8220;{}&#8220;]<\/p>\n<h2 data-options=\"cg-has-overhead-title\"><span class=\"cg-overhead-title\">Allgemeine Gesch\u00e4ftsbedingungen<span class=\"cg-colon\">:<\/span><\/span> <span class=\"cg-h1-body\">Unsere AGB im&nbsp;PDF-Format<\/span><\/h2>\n<p>[\/et_pb_text][\/et_pb_column][et_pb_column type=&#8220;3_5&#8243; _builder_version=&#8220;4.24.0&#8243; _module_preset=&#8220;default&#8220; global_colors_info=&#8220;{}&#8220;][et_pb_text module_class=&#8220;cg-module cg-text cg-page-list&#8220; _builder_version=&#8220;4.24.0&#8243; _module_preset=&#8220;default&#8220; global_colors_info=&#8220;{}&#8220;]<\/p>\n<ul>\n<li><a href=\"https:\/\/cibotics.de\/wp-content\/uploads\/2024\/02\/AGB-Ciborius-Berlin-10.2017.pdf\" rel=\"attachment wp-att-5752\">AGB Ciborius Berlin 10.2017.pdf<\/a><\/li>\n<li><a href=\"https:\/\/cibotics.de\/wp-content\/uploads\/2024\/02\/AGB-Ciborius-Frankfurt-am-Main-01.2018.pdf\" rel=\"attachment wp-att-5754\">AGB Ciborius Frankfurt am Main 01.2018.pdf<\/a><\/li>\n<li><a href=\"https:\/\/cibotics.de\/wp-content\/uploads\/2024\/02\/AGB-Ciborius-Mannheim-01.2018.pdf\" rel=\"attachment wp-att-5756\">AGB Ciborius Mannheim 01.2018.pdf<\/a><\/li>\n<li><a href=\"https:\/\/cibotics.de\/wp-content\/uploads\/2024\/02\/AGB-Ciborius-Stuttgart-01.2018.pdf\" rel=\"attachment wp-att-5758\">AGB Ciborius Stuttgart 01.2018.pdf<\/a><\/li>\n<\/ul>\n<p>[\/et_pb_text][\/et_pb_column][\/et_pb_row][\/et_pb_section]<\/p>\n","protected":false},"excerpt":{"rendered":"<p>Brosch\u00fcren: Alle unsere Brosch\u00fcren zum&nbsp;Download Unternehmensbrosch\u00fcre (deutsch) CIBORIUS Broschure (english) Notruf- und Serviceleitstelle (NSL) Flyer Fiebermessung Flyer Sicherheitsdienst mit Robotik Allgemeine Gesch\u00e4ftsbedingungen: Unsere AGB im&nbsp;PDF-Format AGB Ciborius Berlin 10.2017.pdf AGB Ciborius Frankfurt am Main 01.2018.pdf AGB Ciborius Mannheim 01.2018.pdf AGB Ciborius Stuttgart 01.2018.pdf<\/p>\n","protected":false},"author":5,"featured_media":0,"parent":0,"menu_order":0,"comment_status":"closed","ping_status":"closed","template":"","meta":{"_yoast_wpseo_focuskw":"","_yoast_wpseo_title":"","_yoast_wpseo_metadesc":"","_yoast_wpseo_linkdex":"","_yoast_wpseo_content_score":"90","_et_pb_use_builder":"on","_et_pb_old_content":"","_et_gb_content_width":"","_coblocks_attr":"","_coblocks_dimensions":"","_coblocks_responsive_height":"","_coblocks_accordion_ie_support":"","_cms_nav_minihome":"","_cover_hash":"","_customize_changeset_uuid":"92f1731a-512b-4a3e-99c1-35486cb11ea3","_dp_original":"","_et_autogenerated_title":"","_et_body_layout_enabled":"","_et_body_layout_id":null,"_et_builder_dynamic_assets_loading_attr_threshold":"","_et_builder_version":"VB|Divi|4.27.0","_et_default":"","_et_enabled":"","_et_footer_layout_enabled":"","_et_footer_layout_id":null,"_et_header_layout_enabled":"","_et_header_layout_id":null,"_et_onboarding_created":"","_et_pb_ab_current_shortcode":"[et_pb_split_track id=\"1405\" \/]","_et_pb_ab_subjects":"","_et_pb_built_for_post_type":"page","_et_pb_custom_css":"","_et_pb_enable_shortcode_tracking":"","_et_pb_excluded_global_options":"","_et_pb_first_image":"","_et_pb_gutter_width":"3","_et_pb_module_type":"","_et_pb_page_layout":"et_right_sidebar","_et_pb_post_hide_nav":"default","_et_pb_row_layout":"","_et_pb_show_page_creation":"off","_et_pb_show_title":"","_et_pb_side_nav":"off","_et_pb_truncate_post":"","_et_pb_truncate_post_date":"","_et_post_bg_color":"","_et_post_bg_layout":"","_et_template":[],"_et_theme_builder_marked_as_unused":"","_et_use_on":[],"_global_colors_info":"{}","_last_translation_edit_mode":"","_menu_item_classes":[],"_menu_item_menu_item_parent":"","_menu_item_object":"","_menu_item_object_id":"","_menu_item_target":"","_menu_item_type":"","_menu_item_url":"","_menu_item_xfn":"","_top_nav_excluded":"","_wp_attachment_context":"","_wp_attachment_image_alt":"","_wp_old_date":[],"_wpml_location_migration_done":"1","_wpml_media_duplicate":"1","_wpml_media_featured":"1","_wpml_post_translation_editor_native":"","_wpml_word_count":"{\"total\":178,\"to_translate\":{\"en\":178}}","_yoast_indexnow_last_ping":"1740379090","_yoast_post_redirect_info":[],"_yoast_wpseo_estimated-reading-time-minutes":"1","_yoast_wpseo_focuskeywords":"[]","_yoast_wpseo_keywordsynonyms":"[\"\"]","_yoast_wpseo_primary_category":null,"_yoast_wpseo_primary_jobs_category":"","_yoast_wpseo_wordproof_timestamp":"","cg_schema_org":"","cg_type":"","enclosure":"","job_confirmation_email":"","job_custom_message":"","job_notification_message":"","job_notify_custom_message":"","job_notify_custom_message_editor":"","job_remote_data":[],"jobs_post_metrics_counted":"","position_apply_now":"","position_apply_now-custom-title":"","position_apply_now-field-class":"","position_apply_now-field-tag":"","position_apply_now-field-tag-title":"","position_apply_now-hide-field":"","position_apply_now-hide-title":"","position_base_salary":"","position_base_salary_unittext":"","position_base_salary_upto":"","position_base_salary-custom-title":"","position_base_salary-field-class":"","position_base_salary-field-tag":"","position_base_salary-field-tag-title":"","position_base_salary-hide-field":"","position_base_salary-hide-title":"","position_button":"","position_button-custom-title":"","position_button-field-class":"","position_button-field-tag":"","position_button-field-tag-title":"","position_button-hide-field":"","position_button-hide-title":"","position_button-style":"","position_button-url":"","position_button-url-target":"","position_contacts":"","position_contacts-custom-title":"","position_contacts-field-class":"","position_contacts-field-tag":"","position_contacts-field-tag-title":"","position_contacts-hide-field":"","position_contacts-hide-title":"","position_custom_text_1":"","position_custom_text_1-custom-title":"","position_custom_text_1-field-class":"","position_custom_text_1-field-tag":"","position_custom_text_1-field-tag-title":"","position_custom_text_1-hide-field":"","position_custom_text_1-hide-title":"","position_custom_text_2":"","position_custom_text_2-custom-title":"","position_custom_text_2-field-class":"","position_custom_text_2-field-tag":"","position_custom_text_2-field-tag-title":"","position_custom_text_2-hide-field":"","position_custom_text_2-hide-title":"","position_custom_text_3":"","position_custom_text_3-custom-title":"","position_custom_text_3-field-class":"","position_custom_text_3-field-tag":"","position_custom_text_3-field-tag-title":"","position_custom_text_3-hide-field":"","position_custom_text_3-hide-title":"","position_date_posted-custom-title":"","position_date_posted-field-class":"","position_date_posted-field-tag":"","position_date_posted-field-tag-title":"","position_date_posted-hide-field":"","position_date_posted-hide-title":"","position_description":"","position_description-custom-title":"","position_description-field-class":"","position_description-field-tag":"","position_description-field-tag-title":"","position_description-hide-field":"","position_description-hide-title":"","position_educationRequirements":"","position_educationRequirements-custom-title":"","position_educationRequirements-field-class":"","position_educationRequirements-field-tag":"","position_educationRequirements-field-tag-title":"","position_educationRequirements-hide-field":"","position_educationRequirements-hide-title":"","position_employment_begining":"","position_employment_begining-custom-title":"","position_employment_begining-field-class":"","position_employment_begining-field-tag":"","position_employment_begining-field-tag-title":"","position_employment_begining-hide-field":"","position_employment_begining-hide-title":"","position_employment_duration":"","position_employment_duration-custom-title":"","position_employment_duration-field-class":"","position_employment_duration-field-tag":"","position_employment_duration-field-tag-title":"","position_employment_duration-hide-field":"","position_employment_duration-hide-title":"","position_employment_type":[],"position_employment_type-custom-title":"","position_employment_type-field-class":"","position_employment_type-field-tag":"","position_employment_type-field-tag-title":"","position_employment_type-hide-field":"","position_employment_type-hide-title":"","position_experienceRequirements":"","position_experienceRequirements-custom-title":"","position_experienceRequirements-field-class":"","position_experienceRequirements-field-tag":"","position_experienceRequirements-field-tag-title":"","position_experienceRequirements-hide-field":"","position_experienceRequirements-hide-title":"","position_hiring_organization_name":"","position_industry":"","position_industry-custom-title":"","position_industry-field-class":"","position_industry-field-tag":"","position_industry-field-tag-title":"","position_industry-hide-field":"","position_industry-hide-title":"","position_inline_apply_now-custom-title":"","position_inline_apply_now-field-class":"","position_inline_apply_now-field-tag":"","position_inline_apply_now-field-tag-title":"","position_inline_apply_now-hide-field":"","position_inline_apply_now-hide-title":"","position_job_benefits":"","position_job_benefits-custom-title":"","position_job_benefits-field-class":"","position_job_benefits-field-tag":"","position_job_benefits-field-tag-title":"","position_job_benefits-hide-field":"","position_job_benefits-hide-title":"","position_job_location":"","position_job_location_addressCountry":"","position_job_location_addressLocality":"","position_job_location_addressRegion":"","position_job_location_postalCode":"","position_job_location_remote":"","position_job_location_streetAddress":"","position_job_location-custom-title":"","position_job_location-field-class":"","position_job_location-field-tag":"","position_job_location-field-tag-title":"","position_job_location-hide-field":"","position_job_location-hide-title":"","position_logo":"","position_logo-custom-title":"","position_logo-field-class":"","position_logo-field-tag":"","position_logo-field-tag-title":"","position_logo-hide-field":"","position_logo-hide-title":"","position_pdf_export":"","position_pdf_export-custom-title":"","position_pdf_export-field-class":"","position_pdf_export-field-tag":"","position_pdf_export-field-tag-title":"","position_pdf_export-hide-field":"","position_pdf_export-hide-title":"","position_pdf_job":"","position_pdf_job_name":"","position_pdf_job-custom-title":"","position_pdf_job-field-class":"","position_pdf_job-field-tag":"","position_pdf_job-field-tag-title":"","position_pdf_job-hide-field":"","position_pdf_job-hide-title":"","position_qualifications":"","position_qualifications-custom-title":"","position_qualifications-field-class":"","position_qualifications-field-tag":"","position_qualifications-field-tag-title":"","position_qualifications-hide-field":"","position_qualifications-hide-title":"","position_responsibilities":"","position_responsibilities-custom-title":"","position_responsibilities-field-class":"","position_responsibilities-field-tag":"","position_responsibilities-field-tag-title":"","position_responsibilities-hide-field":"","position_responsibilities-hide-title":"","position_skills":"","position_skills-custom-title":"","position_skills-field-class":"","position_skills-field-tag":"","position_skills-field-tag-title":"","position_skills-hide-field":"","position_skills-hide-title":"","position_title":"","position_title-custom-title":"","position_title-field-class":"","position_title-field-tag":"","position_title-field-tag-title":"","position_title-hide-field":"","position_title-hide-title":"","position_valid_through":"","position_valid_through_date":"","position_valid_through-custom-title":"","position_valid_through-field-class":"","position_valid_through-field-tag":"","position_valid_through-field-tag-title":"","position_valid_through-hide-field":"","position_valid_through-hide-title":"","position_work_hours":"","position_work_hours-custom-title":"","position_work_hours-field-class":"","position_work_hours-field-tag":"","position_work_hours-field-tag-title":"","position_work_hours-hide-field":"","position_work_hours-hide-title":"","rmp_avg_rating":"","rmp_rating_val_sum":"","rmp_vote_count":"","sort-position_apply_now":"","sort-position_base_salary":"","sort-position_button":"","sort-position_contacts":"","sort-position_custom_text_1":"","sort-position_custom_text_2":"","sort-position_custom_text_3":"","sort-position_date_posted":"","sort-position_description":"","sort-position_educationRequirements":"","sort-position_employment_begining":"","sort-position_employment_duration":"","sort-position_employment_type":"","sort-position_experienceRequirements":"","sort-position_industry":"","sort-position_inline_apply_now":"","sort-position_job_benefits":"","sort-position_job_location":"","sort-position_logo":"","sort-position_pdf_export":"","sort-position_pdf_job":"","sort-position_qualifications":"","sort-position_responsibilities":"","sort-position_skills":"","sort-position_title":"","sort-position_valid_through":"","sort-position_work_hours":"","wpml_media_processed":"","footnotes":""},"class_list":["post-1405","page","type-page","status-publish","hentry"],"yoast_head":"<!-- This site is optimized with the Yoast SEO Premium plugin v23.1 (Yoast SEO v23.1) - https:\/\/yoast.com\/wordpress\/plugins\/seo\/ -->\n<title>Downloads - CIBOTICS<\/title>\n<meta name=\"robots\" content=\"noindex, follow\" \/>\n<meta property=\"og:locale\" content=\"de_DE\" \/>\n<meta property=\"og:type\" content=\"article\" \/>\n<meta property=\"og:title\" content=\"Downloads - CIBOTICS\" \/>\n<meta property=\"og:description\" content=\"Brosch\u00fcren: Alle unsere Brosch\u00fcren zum&nbsp;Download Unternehmensbrosch\u00fcre (deutsch) CIBORIUS Broschure (english) Notruf- und Serviceleitstelle (NSL) Flyer Fiebermessung Flyer Sicherheitsdienst mit Robotik Allgemeine Gesch\u00e4ftsbedingungen: Unsere AGB im&nbsp;PDF-Format AGB Ciborius Berlin 10.2017.pdf AGB Ciborius Frankfurt am Main 01.2018.pdf AGB Ciborius Mannheim 01.2018.pdf AGB Ciborius Stuttgart 01.2018.pdf\" \/>\n<meta property=\"og:url\" content=\"https:\/\/cibotics.de\/de\/downloads\" \/>\n<meta property=\"og:site_name\" content=\"CIBOTICS\" \/>\n<meta property=\"article:publisher\" content=\"https:\/\/www.facebook.com\/CiboriusGruppe\" \/>\n<meta property=\"article:modified_time\" content=\"2025-02-24T06:38:14+00:00\" \/>\n<meta name=\"twitter:card\" content=\"summary_large_image\" \/>\n<meta name=\"twitter:label1\" content=\"Gesch\u00e4tzte Lesezeit\" \/>\n\t<meta name=\"twitter:data1\" content=\"1\u00a0Minute\" \/>\n<!-- \/ Yoast SEO Premium plugin. -->","yoast_head_json":{"title":"Downloads - CIBOTICS","robots":{"index":"noindex","follow":"follow"},"og_locale":"de_DE","og_type":"article","og_title":"Downloads - CIBOTICS","og_description":"Brosch\u00fcren: Alle unsere Brosch\u00fcren zum&nbsp;Download Unternehmensbrosch\u00fcre (deutsch) CIBORIUS Broschure (english) Notruf- und Serviceleitstelle (NSL) Flyer Fiebermessung Flyer Sicherheitsdienst mit Robotik Allgemeine Gesch\u00e4ftsbedingungen: Unsere AGB im&nbsp;PDF-Format AGB Ciborius Berlin 10.2017.pdf AGB Ciborius Frankfurt am Main 01.2018.pdf AGB Ciborius Mannheim 01.2018.pdf AGB Ciborius Stuttgart 01.2018.pdf","og_url":"https:\/\/cibotics.de\/de\/downloads","og_site_name":"CIBOTICS","article_publisher":"https:\/\/www.facebook.com\/CiboriusGruppe","article_modified_time":"2025-02-24T06:38:14+00:00","twitter_card":"summary_large_image","twitter_misc":{"Gesch\u00e4tzte Lesezeit":"1\u00a0Minute"},"schema":{"@context":"https:\/\/schema.org","@graph":[{"@type":"WebPage","@id":"https:\/\/cibotics.de\/de\/downloads","url":"https:\/\/cibotics.de\/de\/downloads","name":"Downloads - CIBOTICS","isPartOf":{"@id":"https:\/\/cibotics.tschroeter.com\/de\/#website"},"datePublished":"2024-01-16T13:20:48+00:00","dateModified":"2025-02-24T06:38:14+00:00","inLanguage":"de","potentialAction":[{"@type":"ReadAction","target":["https:\/\/cibotics.de\/de\/downloads"]}]},{"@type":"WebSite","@id":"https:\/\/cibotics.tschroeter.com\/de\/#website","url":"https:\/\/cibotics.tschroeter.com\/de\/","name":"CIBOTICS","description":"CIBOTICS \u00bb Robotics Systems + AI by CIBORIUS","publisher":{"@id":"https:\/\/cibotics.tschroeter.com\/de\/#organization"},"potentialAction":[{"@type":"SearchAction","target":{"@type":"EntryPoint","urlTemplate":"https:\/\/cibotics.tschroeter.com\/de\/?s={search_term_string}"},"query-input":"required name=search_term_string"}],"inLanguage":"de"},{"@type":"Organization","@id":"https:\/\/cibotics.tschroeter.com\/de\/#organization","name":"CIBORIUS Security","url":"https:\/\/cibotics.tschroeter.com\/de\/","logo":{"@type":"ImageObject","inLanguage":"de","@id":"https:\/\/cibotics.tschroeter.com\/de\/#\/schema\/logo\/image\/","url":"https:\/\/cibotics.de\/wp-content\/uploads\/2023\/11\/ciborius-logo.svg","contentUrl":"https:\/\/cibotics.de\/wp-content\/uploads\/2023\/11\/ciborius-logo.svg","width":512,"height":512,"caption":"CIBORIUS Security"},"image":{"@id":"https:\/\/cibotics.tschroeter.com\/de\/#\/schema\/logo\/image\/"},"sameAs":["https:\/\/www.facebook.com\/CiboriusGruppe"],"email":"info@security.de","telephone":"+49 (0) 800 723 48 46","foundingDate":"2006-01-01","numberOfEmployees":{"@type":"QuantitativeValue","minValue":"1001","maxValue":"5000"}}]}},"_links":{"self":[{"href":"https:\/\/cibotics.de\/de\/wp-json\/wp\/v2\/pages\/1405","targetHints":{"allow":["GET"]}}],"collection":[{"href":"https:\/\/cibotics.de\/de\/wp-json\/wp\/v2\/pages"}],"about":[{"href":"https:\/\/cibotics.de\/de\/wp-json\/wp\/v2\/types\/page"}],"author":[{"embeddable":true,"href":"https:\/\/cibotics.de\/de\/wp-json\/wp\/v2\/users\/5"}],"replies":[{"embeddable":true,"href":"https:\/\/cibotics.de\/de\/wp-json\/wp\/v2\/comments?post=1405"}],"version-history":[{"count":15,"href":"https:\/\/cibotics.de\/de\/wp-json\/wp\/v2\/pages\/1405\/revisions"}],"predecessor-version":[{"id":17382,"href":"https:\/\/cibotics.de\/de\/wp-json\/wp\/v2\/pages\/1405\/revisions\/17382"}],"wp:attachment":[{"href":"https:\/\/cibotics.de\/de\/wp-json\/wp\/v2\/media?parent=1405"}],"curies":[{"name":"wp","href":"https:\/\/api.w.org\/{rel}","templated":true}]}}